{"id":29359,"date":"2025-09-09T11:37:12","date_gmt":"2025-09-09T11:37:12","guid":{"rendered":"https:\/\/pharmadeals.com\/?page_id=29359"},"modified":"2025-09-09T11:37:14","modified_gmt":"2025-09-09T11:37:14","slug":"cookie-policy","status":"publish","type":"page","link":"https:\/\/pharmadeals.com\/?page_id=29359","title":{"rendered":"Cookie Policy"},"content":{"rendered":"\n<p>\ud83d\udcd1 Cookie Policy (English + French)<\/p>\n\n\n\n<ol class=\"wp-block-list\">\n<li>Introduction<\/li>\n<\/ol>\n\n\n\n<p>English:<br>This Cookie Policy explains how we use cookies and similar technologies on our website.<\/p>\n\n\n\n<p>Fran\u00e7ais :<br>La pr\u00e9sente politique sur les t\u00e9moins explique comment nous utilisons les t\u00e9moins et les technologies similaires sur notre site Web.<\/p>\n\n\n\n<ol start=\"2\" class=\"wp-block-list\">\n<li>What Are Cookies?<\/li>\n<\/ol>\n\n\n\n<p>English:<br>Cookies are small text files stored on your device that help improve browsing, track preferences, and enable functionality.<\/p>\n\n\n\n<p>Fran\u00e7ais :<br>Les t\u00e9moins sont de petits fichiers texte stock\u00e9s sur votre appareil qui aident \u00e0 am\u00e9liorer la navigation, \u00e0 suivre vos pr\u00e9f\u00e9rences et \u00e0 activer certaines fonctionnalit\u00e9s.<\/p>\n\n\n\n<ol start=\"3\" class=\"wp-block-list\">\n<li>Types of Cookies We Use<\/li>\n<\/ol>\n\n\n\n<p>English:<\/p>\n\n\n\n<p>Essential Cookies \u2013 required for site operation (e.g., checkout, login).<\/p>\n\n\n\n<p>Analytics Cookies \u2013 help us understand site usage (e.g., Google Analytics).<\/p>\n\n\n\n<p>Marketing Cookies \u2013 personalize offers and measure ad performance.<\/p>\n\n\n\n<p>Fran\u00e7ais :<\/p>\n\n\n\n<p>T\u00e9moins essentiels \u2013 n\u00e9cessaires au fonctionnement du site (p. ex., paiement, connexion).<\/p>\n\n\n\n<p>T\u00e9moins analytiques \u2013 nous aident \u00e0 comprendre l\u2019utilisation du site (p. ex., Google Analytics).<\/p>\n\n\n\n<p>T\u00e9moins marketing \u2013 personnalisent les offres et mesurent la performance publicitaire.<\/p>\n\n\n\n<ol start=\"4\" class=\"wp-block-list\">\n<li>Managing Cookies<\/li>\n<\/ol>\n\n\n\n<p>English:<br>You can manage or disable cookies in your browser settings. Please note some features may not function without cookies.<\/p>\n\n\n\n<p>Fran\u00e7ais :<br>Vous pouvez g\u00e9rer ou d\u00e9sactiver les t\u00e9moins dans les param\u00e8tres de votre navigateur. Veuillez noter que certaines fonctionnalit\u00e9s pourraient ne pas fonctionner sans t\u00e9moins.<\/p>\n\n\n\n<ol start=\"5\" class=\"wp-block-list\">\n<li>Consent<\/li>\n<\/ol>\n\n\n\n<p>English:<br>By continuing to use our site, you consent to our use of cookies in accordance with this policy.<\/p>\n\n\n\n<p>Fran\u00e7ais :<br>En continuant \u00e0 utiliser notre site, vous consentez \u00e0 notre utilisation des t\u00e9moins conform\u00e9ment \u00e0 cette politique.<\/p>\n","protected":false},"excerpt":{"rendered":"<p>\ud83d\udcd1 Cookie Policy (English + French) English:This Cookie Policy explains how we use cookies and similar technologies on our website.<\/p>\n","protected":false},"author":2,"featured_media":0,"parent":0,"menu_order":0,"comment_status":"closed","ping_status":"closed","template":"","meta":{"footnotes":""},"class_list":["post-29359","page","type-page","status-publish","hentry"],"_links":{"self":[{"href":"https:\/\/pharmadeals.com\/index.php?rest_route=\/wp\/v2\/pages\/29359","targetHints":{"allow":["GET"]}}],"collection":[{"href":"https:\/\/pharmadeals.com\/index.php?rest_route=\/wp\/v2\/pages"}],"about":[{"href":"https:\/\/pharmadeals.com\/index.php?rest_route=\/wp\/v2\/types\/page"}],"author":[{"embeddable":true,"href":"https:\/\/pharmadeals.com\/index.php?rest_route=\/wp\/v2\/users\/2"}],"replies":[{"embeddable":true,"href":"https:\/\/pharmadeals.com\/index.php?rest_route=%2Fwp%2Fv2%2Fcomments&post=29359"}],"version-history":[{"count":1,"href":"https:\/\/pharmadeals.com\/index.php?rest_route=\/wp\/v2\/pages\/29359\/revisions"}],"predecessor-version":[{"id":29360,"href":"https:\/\/pharmadeals.com\/index.php?rest_route=\/wp\/v2\/pages\/29359\/revisions\/29360"}],"wp:attachment":[{"href":"https:\/\/pharmadeals.com\/index.php?rest_route=%2Fwp%2Fv2%2Fmedia&parent=29359"}],"curies":[{"name":"wp","href":"https:\/\/api.w.org\/{rel}","templated":true}]}}