{"id":29353,"date":"2025-09-09T11:34:54","date_gmt":"2025-09-09T11:34:54","guid":{"rendered":"https:\/\/pharmadeals.com\/?page_id=29353"},"modified":"2025-09-09T11:34:55","modified_gmt":"2025-09-09T11:34:55","slug":"refund-policy","status":"publish","type":"page","link":"https:\/\/pharmadeals.com\/?page_id=29353","title":{"rendered":"Refund Policy"},"content":{"rendered":"\n<p>\ud83d\udcd1 Refund Policy (English + French)<\/p>\n\n\n\n<ol class=\"wp-block-list\">\n<li>Introduction<\/li>\n<\/ol>\n\n\n\n<p>English:<br>We want you to be satisfied with your purchase. This Refund Policy explains the terms under which you may return or exchange products purchased through our store.<\/p>\n\n\n\n<p>Fran\u00e7ais :<br>Nous voulons que vous soyez satisfait de votre achat. La pr\u00e9sente politique de remboursement explique les conditions dans lesquelles vous pouvez retourner ou \u00e9changer des produits achet\u00e9s dans notre boutique.<\/p>\n\n\n\n<ol start=\"2\" class=\"wp-block-list\">\n<li>Eligibility for Refunds &amp; Returns<\/li>\n<\/ol>\n\n\n\n<p>English:<\/p>\n\n\n\n<p>Returns must be requested within 30 days of delivery.<\/p>\n\n\n\n<p>Items must be unused, in original packaging, and in the same condition as received.<\/p>\n\n\n\n<p>Certain products (personalized items, final sale, perishable goods) are non-refundable.<\/p>\n\n\n\n<p>Fran\u00e7ais :<\/p>\n\n\n\n<p>Les retours doivent \u00eatre demand\u00e9s dans les 30 jours suivant la livraison.<\/p>\n\n\n\n<p>Les articles doivent \u00eatre inutilis\u00e9s, dans leur emballage d\u2019origine et dans le m\u00eame \u00e9tat que lors de la r\u00e9ception.<\/p>\n\n\n\n<p>Certains produits (articles personnalis\u00e9s, ventes finales, biens p\u00e9rissables) sont non remboursables.<\/p>\n\n\n\n<ol start=\"3\" class=\"wp-block-list\">\n<li>Refund Process<\/li>\n<\/ol>\n\n\n\n<p>English:<br>To request a refund:<\/p>\n\n\n\n<p>Contact us at support@yourstore.com<br>with your order number.<\/p>\n\n\n\n<p>We will provide instructions for returning the item.<\/p>\n\n\n\n<p>Once the return is received and inspected, we will notify you.<\/p>\n\n\n\n<p>Approved refunds will be processed back to your original payment method within 5\u201310 business days.<\/p>\n\n\n\n<p>Fran\u00e7ais :<br>Pour demander un remboursement :<\/p>\n\n\n\n<p>Contactez-nous \u00e0 support@yourstore.com<br>avec votre num\u00e9ro de commande.<\/p>\n\n\n\n<p>Nous vous fournirons les instructions pour retourner l\u2019article.<\/p>\n\n\n\n<p>Une fois le retour re\u00e7u et inspect\u00e9, nous vous informerons.<\/p>\n\n\n\n<p>Les remboursements approuv\u00e9s seront trait\u00e9s vers votre mode de paiement initial dans un d\u00e9lai de 5 \u00e0 10 jours ouvrables.<\/p>\n\n\n\n<ol start=\"4\" class=\"wp-block-list\">\n<li>Exchanges<\/li>\n<\/ol>\n\n\n\n<p>English:<br>We replace defective or damaged items. If you need an exchange for the same product, please contact us.<\/p>\n\n\n\n<p>Fran\u00e7ais :<br>Nous rempla\u00e7ons les articles d\u00e9fectueux ou endommag\u00e9s. Si vous avez besoin d\u2019un \u00e9change pour le m\u00eame produit, veuillez nous contacter.<\/p>\n\n\n\n<ol start=\"5\" class=\"wp-block-list\">\n<li>Shipping Costs<\/li>\n<\/ol>\n\n\n\n<p>English:<\/p>\n\n\n\n<p>Customers are responsible for return shipping costs unless the product is defective or incorrect.<\/p>\n\n\n\n<p>Shipping costs are non-refundable.<\/p>\n\n\n\n<p>Fran\u00e7ais :<\/p>\n\n\n\n<p>Les clients sont responsables des frais d\u2019exp\u00e9dition de retour, sauf si le produit est d\u00e9fectueux ou incorrect.<\/p>\n\n\n\n<p>Les frais d\u2019exp\u00e9dition ne sont pas remboursables.<\/p>\n\n\n\n<ol start=\"6\" class=\"wp-block-list\">\n<li>Contact Us<\/li>\n<\/ol>\n\n\n\n<p>English:<br>For questions about this Refund Policy, please contact us at: support@yourstore.com<\/p>\n\n\n\n<p>Fran\u00e7ais :<br>Pour toute question concernant cette politique de remboursement, veuillez nous contacter \u00e0 : support@yourstore.com<\/p>\n\n\n\n<p>\u2705 This version is bilingual, ecommerce-ready, and compliant with Canadian\/Quebec consumer rights laws.<\/p>\n","protected":false},"excerpt":{"rendered":"<p>\ud83d\udcd1 Refund Policy (English + French) English:We want you to be satisfied with your purchase. This Refund Policy explains the<\/p>\n","protected":false},"author":2,"featured_media":0,"parent":0,"menu_order":0,"comment_status":"closed","ping_status":"closed","template":"","meta":{"footnotes":""},"class_list":["post-29353","page","type-page","status-publish","hentry"],"_links":{"self":[{"href":"https:\/\/pharmadeals.com\/index.php?rest_route=\/wp\/v2\/pages\/29353","targetHints":{"allow":["GET"]}}],"collection":[{"href":"https:\/\/pharmadeals.com\/index.php?rest_route=\/wp\/v2\/pages"}],"about":[{"href":"https:\/\/pharmadeals.com\/index.php?rest_route=\/wp\/v2\/types\/page"}],"author":[{"embeddable":true,"href":"https:\/\/pharmadeals.com\/index.php?rest_route=\/wp\/v2\/users\/2"}],"replies":[{"embeddable":true,"href":"https:\/\/pharmadeals.com\/index.php?rest_route=%2Fwp%2Fv2%2Fcomments&post=29353"}],"version-history":[{"count":1,"href":"https:\/\/pharmadeals.com\/index.php?rest_route=\/wp\/v2\/pages\/29353\/revisions"}],"predecessor-version":[{"id":29354,"href":"https:\/\/pharmadeals.com\/index.php?rest_route=\/wp\/v2\/pages\/29353\/revisions\/29354"}],"wp:attachment":[{"href":"https:\/\/pharmadeals.com\/index.php?rest_route=%2Fwp%2Fv2%2Fmedia&parent=29353"}],"curies":[{"name":"wp","href":"https:\/\/api.w.org\/{rel}","templated":true}]}}